{"id":205,"date":"2022-11-16T21:49:36","date_gmt":"2022-11-16T19:49:36","guid":{"rendered":"https:\/\/projecte7vides.org\/index.php\/avis-legal\/"},"modified":"2022-11-16T21:55:02","modified_gmt":"2022-11-16T19:55:02","slug":"avis-legal","status":"publish","type":"page","link":"https:\/\/projecte7vides.org\/index.php\/avis-legal\/","title":{"rendered":"Av\u00eds legal"},"content":{"rendered":"\n<p>La visualitzaci\u00f3 d\u2019aquest av\u00eds \u00e9s obligada i regula les condicions d\u2019\u00fas que han de respectar els usuaris d\u2019aquesta p\u00e0gina web. \u00c9s important llegir-lo atentament, donat que accedir als materials que s\u2019inclouen i utilitzar-los implica que l\u2019usuari ha llegit i accepta, sense reserves, les condicions que segueixen.<\/p>\n\n<p>Amb la voluntat de complir la Llei de serveis de la societat de la informaci\u00f3 i comer\u00e7 electr\u00f2nic, aix\u00ed com altra legislaci\u00f3 complement\u00e0ria, us informem que el titular del lloc web www.projecte7vides.org \u00e9s l&#8217; <strong>Associaci\u00f3 Protectora de Gats Projecte 7 Vides<\/strong>, amb domicili social C\/Albinyana, 110 3\u00e8 1a, Terrassa, amb CIF G-01609569.<\/p>\n\n<p>Projecte 7 vides pot realitzar modificacions i actualitzacions de la informaci\u00f3 continguda a la seva web, en qualsevol moment i sense necessitat de previ av\u00eds, aix\u00ed tamb\u00e9 com en el seu disseny.<\/p>\n\n<p>Projecte 7 vides treballa perqu\u00e8 la informaci\u00f3 subministrada a trav\u00e9s de la seva p\u00e0gina web sigui clara, comprensible i adequada. Aix\u00ed com tamb\u00e9 per evitar errors i, si s\u2019escau, reparar-los o actualitzar-los. Tanmateix, Projecte 7 vides no pot garantir la inexist\u00e8ncia d\u2019errors ni que el contingut es trobi permanentment actualitzat.<\/p>\n\n<p>Els drets de propietat intel\u00b7lectual dels continguts, textos, distintius corporatius, imatges, etc. d\u2019aquest lloc web s\u00f3n propietat de Projecte 7 Vides, estan protegits per l\u2019ordenament jur\u00eddic espanyol i per les normes comunit\u00e0ries i internacionals que resultin d\u2019aplicaci\u00f3.<\/p>\n\n<p>La reproducci\u00f3, distribuci\u00f3, comercialitzaci\u00f3 o transformaci\u00f3 no autoritzades d\u2019aquests continguts, excepte en els sup\u00f2sits permesos legalment per a \u00fas personal i privat, constitueixen una infracci\u00f3 dels drets de propietat intel\u00b7lectual de Projecte 7 Vides.<\/p>\n\n<p>Queda prohibida la reproducci\u00f3, total o parcial, distribuci\u00f3, comercialitzaci\u00f3 o transformaci\u00f3 de qualsevol dels continguts de la p\u00e0gina web sense la pr\u00e8via autoritzaci\u00f3 escrita de Projecte 7 Vides.<\/p>\n\n<p>S\u2019autoritza la impressi\u00f3 i desc\u00e0rrega d\u2019extractes dels continguts de la p\u00e0gina web de Projecte 7 Vides nom\u00e9s quan es realitzin per a \u00fas personal i privat. Les sol\u00b7licituds a aquests efectes podran dirigir-se a projecte7vides@gmail.com.<\/p>\n\n<p>Per a exercir el dret de cita, haur\u00e0 d\u2019esmentar-se Projecte 7 Vides com a titular dels extractes dels continguts o documents al\u00b7ludits, aix\u00ed com la p\u00e0gina web www.projecte7vides.org com a font de la informaci\u00f3 quan correspongui.<\/p>\n\n<p>Els continguts proporcionats a trav\u00e9s d\u2019aquesta p\u00e0gina web tenen car\u00e0cter merament informatiu, per tant, l\u2019\u00fas que d\u2019aquests pugui fer l\u2019usuari i les eventuals conseq\u00fc\u00e8ncies, danys o perjudicis que poguessin derivar-se, s\u00f3n de l\u2019exclusiva responsabilitat de l\u2019usuari.<\/p>\n\n<p>La Projecte 7 vides es reserva el dret d\u2019exercir les accions legals que consideri oportunes derivades de qualsevol us il\u00b7l\u00edcit per part de tercers dels continguts de la seva p\u00e0gina web.<br\/>Totes les dades de car\u00e0cter personal que se sol\u00b7liciten en la p\u00e0gina web, s\u00f3n recaptats per a la correcta gesti\u00f3 de les activitats de Projecte 7 Vides. En cap cas seran utilitzades per a fins diferents o cedits a tercers. Projecte 7 Vides no utilitzar\u00e0 les dades personals per a l\u2019enviament de comunicacions comercials no sol\u00b7licitades sense la seva autoritzaci\u00f3.<\/p>\n\n<p>Les dades de car\u00e0cter personal que puguin sol\u00b7licitar-se en formularis en la p\u00e0gina web, s\u00f3n incorporats als fitxers de tractament de dades que Projecte 7 Vides t\u00e9 convenientment assegurats en el seu poder.<\/p>\n\n<p>Aquesta p\u00e0gina web utilitza tecnologia \u201ccookies\u201d associades i emmagatzema informaci\u00f3 en l\u2019equip des del qual s\u2019accedeix, nom\u00e9s de forma t\u00e8cnica i per con\u00e8ixer l&#8217;idioma de navegaci\u00f3 de l&#8217;usuari.<\/p>\n\n<p>Projecte 7 Vides \u00e9s l\u2019\u00f2rgan responsable del tractament de les dades. Els drets d\u2019acc\u00e9s, rectificaci\u00f3, cancel\u00b7laci\u00f3 i oposici\u00f3 reconeguts en la Llei Org\u00e0nica 15\/1999, de 13 de desembre, de Protecci\u00f3 de Dades Personals haurien d\u2019exercir-se dirigint un escrit a Projecte 7 Vides mitjan\u00e7ant correu electr\u00f2nic a l\u2019adre\u00e7a projecte7vides@gmail.com o correu postal a C\/Albinyana, 110 3\u00e8 1a, 08223 Terrassa.<\/p>\n","protected":false},"excerpt":{"rendered":"<p>La visualitzaci\u00f3 d\u2019aquest av\u00eds \u00e9s obligada i regula les condicions d\u2019\u00fas que han de respectar els usuaris d\u2019aquesta p\u00e0gina web. \u00c9s important llegir-lo atentament, donat que accedir als materials que s\u2019inclouen i utilitzar-los implica que l\u2019usuari ha llegit i accepta, sense reserves, les condicions que segueixen. Amb la voluntat de complir la Llei de serveis [&hellip;]<\/p>\n","protected":false},"author":1,"featured_media":0,"parent":0,"menu_order":0,"comment_status":"closed","ping_status":"closed","template":"","meta":{"_genesis_hide_title":false,"_genesis_hide_breadcrumbs":false,"_genesis_hide_singular_image":false,"_genesis_hide_footer_widgets":false,"_genesis_custom_body_class":"","_genesis_custom_post_class":"","_genesis_layout":"full-width-content"},"featured_image_src":null,"featured_image_src_square":null,"_links":{"self":[{"href":"https:\/\/projecte7vides.org\/index.php\/wp-json\/wp\/v2\/pages\/205"}],"collection":[{"href":"https:\/\/projecte7vides.org\/index.php\/wp-json\/wp\/v2\/pages"}],"about":[{"href":"https:\/\/projecte7vides.org\/index.php\/wp-json\/wp\/v2\/types\/page"}],"author":[{"embeddable":true,"href":"https:\/\/projecte7vides.org\/index.php\/wp-json\/wp\/v2\/users\/1"}],"replies":[{"embeddable":true,"href":"https:\/\/projecte7vides.org\/index.php\/wp-json\/wp\/v2\/comments?post=205"}],"version-history":[{"count":1,"href":"https:\/\/projecte7vides.org\/index.php\/wp-json\/wp\/v2\/pages\/205\/revisions"}],"predecessor-version":[{"id":206,"href":"https:\/\/projecte7vides.org\/index.php\/wp-json\/wp\/v2\/pages\/205\/revisions\/206"}],"wp:attachment":[{"href":"https:\/\/projecte7vides.org\/index.php\/wp-json\/wp\/v2\/media?parent=205"}],"curies":[{"name":"wp","href":"https:\/\/api.w.org\/{rel}","templated":true}]}}