{"id":201,"date":"2022-11-16T21:41:03","date_gmt":"2022-11-16T19:41:03","guid":{"rendered":"https:\/\/projecte7vides.org\/index.php\/politica-de-privadesa\/"},"modified":"2022-11-16T21:44:47","modified_gmt":"2022-11-16T19:44:47","slug":"politica-de-privadesa","status":"publish","type":"page","link":"https:\/\/projecte7vides.org\/index.php\/politica-de-privadesa\/","title":{"rendered":"Pol\u00edtica de privadesa"},"content":{"rendered":"\n<p>Projecte 7 vides fem aquesta declaraci\u00f3 de privacitat per tal que siguis conscient de la nostra pol\u00edtica en el tractament de les dades personals que s&#8217;obtenen dels usuaris. Et recordem que, com a usuari acceptes aquestes condicions pel fet de llegir, visualitzar o navegar a la web. Si no ho acceptes, has d\u2019abandonar la web, sense fer \u00fas d\u2019ella ni del seu contingut, i sense accedir a les p\u00e0gines enlla\u00e7ades.<\/p>\n\n<h4 class=\"wp-block-heading\">Els teus drets<\/h4>\n\n<p>Tens dret a <strong>accedir<\/strong> a la informaci\u00f3 que sobre la teva persona estigui emmagatzemada en les nostres bases de dades, <strong>rectificar-la<\/strong> en cas d\u2019errada, <strong>suprimir-la<\/strong>, <strong>limitar-la,<\/strong> <strong>oposar-te<\/strong> al seu tractament i <strong>retirar<\/strong>-ne el consentiment si aquest \u00e9s el teu desig. Per fer-ho nom\u00e9s has d\u2019escriure un e-mail a l\u2019adre\u00e7a de correu electr\u00f2nic: projecte7vides@gmail.com on et respondrem a qualsevol consulta, comentari, aclariment que ens facis al respecte.<\/p>\n\n<p>Per a m\u00e9s informaci\u00f3 sobre temes relacionats, la web de refer\u00e8ncia de la Xarxa espanyola \u00e9s l\u2019Agencia de Protecci\u00f3n de Datos, on tens dret a reclamar.<\/p>\n","protected":false},"excerpt":{"rendered":"<p>Projecte 7 vides fem aquesta declaraci\u00f3 de privacitat per tal que siguis conscient de la nostra pol\u00edtica en el tractament de les dades personals que s&#8217;obtenen dels usuaris. Et recordem que, com a usuari acceptes aquestes condicions pel fet de llegir, visualitzar o navegar a la web. Si no ho acceptes, has d\u2019abandonar la web, [&hellip;]<\/p>\n","protected":false},"author":1,"featured_media":0,"parent":0,"menu_order":0,"comment_status":"closed","ping_status":"closed","template":"","meta":{"_genesis_hide_title":false,"_genesis_hide_breadcrumbs":false,"_genesis_hide_singular_image":false,"_genesis_hide_footer_widgets":false,"_genesis_custom_body_class":"","_genesis_custom_post_class":"","_genesis_layout":"full-width-content"},"featured_image_src":null,"featured_image_src_square":null,"_links":{"self":[{"href":"https:\/\/projecte7vides.org\/index.php\/wp-json\/wp\/v2\/pages\/201"}],"collection":[{"href":"https:\/\/projecte7vides.org\/index.php\/wp-json\/wp\/v2\/pages"}],"about":[{"href":"https:\/\/projecte7vides.org\/index.php\/wp-json\/wp\/v2\/types\/page"}],"author":[{"embeddable":true,"href":"https:\/\/projecte7vides.org\/index.php\/wp-json\/wp\/v2\/users\/1"}],"replies":[{"embeddable":true,"href":"https:\/\/projecte7vides.org\/index.php\/wp-json\/wp\/v2\/comments?post=201"}],"version-history":[{"count":1,"href":"https:\/\/projecte7vides.org\/index.php\/wp-json\/wp\/v2\/pages\/201\/revisions"}],"predecessor-version":[{"id":202,"href":"https:\/\/projecte7vides.org\/index.php\/wp-json\/wp\/v2\/pages\/201\/revisions\/202"}],"wp:attachment":[{"href":"https:\/\/projecte7vides.org\/index.php\/wp-json\/wp\/v2\/media?parent=201"}],"curies":[{"name":"wp","href":"https:\/\/api.w.org\/{rel}","templated":true}]}}