{"id":203,"date":"2022-11-16T21:49:36","date_gmt":"2022-11-16T19:49:36","guid":{"rendered":"https:\/\/projecte7vides.org\/?page_id=203"},"modified":"2022-11-16T21:55:02","modified_gmt":"2022-11-16T19:55:02","slug":"aviso-legal","status":"publish","type":"page","link":"https:\/\/projecte7vides.org\/es\/index.php\/aviso-legal\/","title":{"rendered":"Aviso legal"},"content":{"rendered":"\n<p>La visualizaci\u00f3n de este aviso es obligada y regula las condiciones de uso que tienen que respetar los usuarios de esta p\u00e1gina web. Es importante leerlo atentamente, dado que acceder a los materiales que se incluyen y utilizarlos implica que el usuario ha le\u00eddo y acepta, sin reservas, las condiciones que siguen.<\/p>\n\n\n\n<p>Con la voluntad de cumplir la Ley de servicios de la sociedad de la informaci\u00f3n y comercio electr\u00f3nico, as\u00ed como otra legislaci\u00f3n complementaria, os informamos que el titular del sitio web www.projecte7vides.org es la <strong>Asociaci\u00f3n Protectora de Gatos Proyecto 7 Vidas<\/strong>, con domicilio social C\/Albinyana, 110&nbsp;3\u00e8&nbsp;1.\u00aa, Terrassa, con CIF G-01609569.<\/p>\n\n\n\n<p>Proyecto 7 vidas puede realizar modificaciones y actualizaciones de la informaci\u00f3n contenida a su web, en cualquier momento y sin necesidad de previo aviso, as\u00ed tambi\u00e9n como en su dise\u00f1o.<\/p>\n\n\n\n<p>Proyecto 7 vidas trabaja para que la informaci\u00f3n suministrada a trav\u00e9s de su p\u00e1gina web sea clara, comprensible y adecuada. As\u00ed como tambi\u00e9n para evitar errores y, si se tercia, repararlos o actualizarlos. Aun as\u00ed, Proyecto 7 vidas no puede garantizar la inexistencia de errores ni que el contenido se encuentre permanentemente actualizado.<\/p>\n\n\n\n<p>Los derechos de propiedad intelectual de los contenidos, textos, distintivos corporativos, im\u00e1genes, etc. de este sitio web son propiedad de Proyecto 7 Vidas, est\u00e1n protegidos por el ordenamiento jur\u00eddico espa\u00f1ol y por las normas comunitarias e internacionales que resulten de aplicaci\u00f3n.<\/p>\n\n\n\n<p>La reproducci\u00f3n, distribuci\u00f3n, comercializaci\u00f3n o transformaci\u00f3n no autorizadas de estos contenidos, excepto en los supuestos permitidos legalmente para uso personal y privado, constituyen una infracci\u00f3n de los derechos de propiedad intelectual de Proyecto 7 Vidas.<\/p>\n\n\n\n<p>Queda prohibida la reproducci\u00f3n, total o parcial, distribuci\u00f3n, comercializaci\u00f3n o transformaci\u00f3n de cualquier de los contenidos de la p\u00e1gina web sin la previa autorizaci\u00f3n escrita de Proyecto 7 Vidas.<\/p>\n\n\n\n<p>Se autoriza la impresi\u00f3n y descarga de extractos de los contenidos de la p\u00e1gina web de Proyecto 7 Vidas solo cuando se realicen para uso personal y privado. Las solicitudes a estos efectos podr\u00e1n dirigirse a&nbsp;projecte7vides@gmail.com.<\/p>\n\n\n\n<p>Para ejercer el derecho de cita, tendr\u00e1 que mencionarse Proyecto 7 Vidas como titular de los extractos de los contenidos o documentos aludidos, as\u00ed como la p\u00e1gina web www.projecte7vides.org como fuente de la informaci\u00f3n cuando corresponda.<\/p>\n\n\n\n<p>Los contenidos proporcionados a trav\u00e9s de esta p\u00e1gina web tienen car\u00e1cter meramente informativo, por lo tanto, el uso que de estos pueda hacer el usuario y las eventuales consecuencias, da\u00f1os o perjuicios que pudieran derivarse, son de la exclusiva responsabilidad del usuario.<\/p>\n\n\n\n<p>La Proyecto 7 vidas se reserva el derecho de ejercer las acciones legales que considere oportunas derivadas de cualquiera os il\u00edcito por parte de terceros de los contenidos de su p\u00e1gina web.<br>Todos los datos de car\u00e1cter personal que se solicitan en la p\u00e1gina web, son recaudados para la correcta gesti\u00f3n de las actividades de Proyecto 7 Vidas. En ning\u00fan caso ser\u00e1n utilizadas para fines diferentes o cedidos a terceros. Proyecto 7 Vidas no utilizar\u00e1 los datos personales para el env\u00edo de comunicaciones comerciales no solicitadas sin su autorizaci\u00f3n.<\/p>\n\n\n\n<p>Los datos de car\u00e1cter personal que puedan solicitarse en formularios en la p\u00e1gina web, son incorporados a los ficheros de tratamiento de datos que Proyecto 7 Vidas tiene convenientemente asegurados en su poder.<\/p>\n\n\n\n<p>Esta p\u00e1gina web utiliza tecnolog\u00eda \u201ccookies\u201d asociadas y almacena informaci\u00f3n en el equipo desde el cual se accede, solamente de forma t\u00e9cnica y para conocer el idioma de navegaci\u00f3n del usuario.<\/p>\n\n\n\n<p>Proyecto 7 Vidas es el \u00f3rgano responsable del tratamiento de los datos. Los derechos de acceso, rectificaci\u00f3n, cancelaci\u00f3n y oposici\u00f3n reconocidos en la Ley Org\u00e1nica 15\/1999, de 13 de diciembre, de Protecci\u00f3n de Datos Personales tendr\u00edan que ejercerse dirigiendo un escrito a Proyecto 7 Vidas mediante correo electr\u00f3nico a la direcci\u00f3n&nbsp;projecte7vides@gmail.com o correo postal a C\/Albinyana, 110&nbsp;3\u00e8&nbsp;1.\u00aa, 08223 Terrassa.<\/p>\n","protected":false},"excerpt":{"rendered":"<p>La visualizaci\u00f3n de este aviso es obligada y regula las condiciones de uso que tienen que respetar los usuarios de esta p\u00e1gina web. Es importante leerlo atentamente, dado que acceder a los materiales que se incluyen y utilizarlos implica que el usuario ha le\u00eddo y acepta, sin reservas, las condiciones que siguen. Con la voluntad [&hellip;]<\/p>\n","protected":false},"author":1,"featured_media":0,"parent":0,"menu_order":0,"comment_status":"closed","ping_status":"closed","template":"","meta":{"_genesis_hide_title":false,"_genesis_hide_breadcrumbs":false,"_genesis_hide_singular_image":false,"_genesis_hide_footer_widgets":false,"_genesis_custom_body_class":"","_genesis_custom_post_class":"","_genesis_layout":"full-width-content"},"featured_image_src":null,"featured_image_src_square":null,"_links":{"self":[{"href":"https:\/\/projecte7vides.org\/es\/index.php\/wp-json\/wp\/v2\/pages\/203"}],"collection":[{"href":"https:\/\/projecte7vides.org\/es\/index.php\/wp-json\/wp\/v2\/pages"}],"about":[{"href":"https:\/\/projecte7vides.org\/es\/index.php\/wp-json\/wp\/v2\/types\/page"}],"author":[{"embeddable":true,"href":"https:\/\/projecte7vides.org\/es\/index.php\/wp-json\/wp\/v2\/users\/1"}],"replies":[{"embeddable":true,"href":"https:\/\/projecte7vides.org\/es\/index.php\/wp-json\/wp\/v2\/comments?post=203"}],"version-history":[{"count":2,"href":"https:\/\/projecte7vides.org\/es\/index.php\/wp-json\/wp\/v2\/pages\/203\/revisions"}],"predecessor-version":[{"id":207,"href":"https:\/\/projecte7vides.org\/es\/index.php\/wp-json\/wp\/v2\/pages\/203\/revisions\/207"}],"wp:attachment":[{"href":"https:\/\/projecte7vides.org\/es\/index.php\/wp-json\/wp\/v2\/media?parent=203"}],"curies":[{"name":"wp","href":"https:\/\/api.w.org\/{rel}","templated":true}]}}