{"id":199,"date":"2022-11-16T21:41:03","date_gmt":"2022-11-16T19:41:03","guid":{"rendered":"https:\/\/projecte7vides.org\/?page_id=199"},"modified":"2022-11-16T21:44:47","modified_gmt":"2022-11-16T19:44:47","slug":"politica-de-privacidad","status":"publish","type":"page","link":"https:\/\/projecte7vides.org\/es\/index.php\/politica-de-privacidad\/","title":{"rendered":"Pol\u00edtica de privacidad"},"content":{"rendered":"\n<p>Proyecto 7 Vidas hacemos esta declaraci\u00f3n de privacidad para que seas consciente de nuestra pol\u00edtica en el tratamiento de los datos personales que se obtienen de los usuarios. Te recordamos que, como usuario, aceptas estas condiciones por el hecho de leer, visualizar o navegar en la web. Si no lo aceptas, tienes que abandonar la web, sin hacer uso de ella ni de su contenido, y sin acceder en las p\u00e1ginas enlazadas.<\/p>\n\n\n\n<h4 class=\"wp-block-heading\">Tus derechos<\/h4>\n\n\n\n<p>Tienes derecho a <strong>acceder<\/strong> a la informaci\u00f3n que sobre tu persona est\u00e9 almacenada en nuestras bases de datos, <strong>rectificarla<\/strong> en caso de error, <strong>suprimirla<\/strong>, <strong>limitarla<\/strong>, <strong>oponerte<\/strong> a su tratamiento y <strong>retirar<\/strong> el consentimiento si este es tu deseo. Para hacerlo solo tienes que escribir un e-mail a la direcci\u00f3n de correo electr\u00f3nico: projecte7vides@gmail.com donde te responderemos a cualquier consulta, comentario, o aclaraci\u00f3n que nos hagas al respeto.<\/p>\n\n\n\n<p>Para mayor informaci\u00f3n sobre temas relacionados, la web de referencia de la Red espa\u00f1ola es lo Agencia de&nbsp;Protecci\u00f3n&nbsp;de&nbsp;Datos, donde tienes derecho a reclamar.<\/p>\n","protected":false},"excerpt":{"rendered":"<p>Proyecto 7 Vidas hacemos esta declaraci\u00f3n de privacidad para que seas consciente de nuestra pol\u00edtica en el tratamiento de los datos personales que se obtienen de los usuarios. Te recordamos que, como usuario, aceptas estas condiciones por el hecho de leer, visualizar o navegar en la web. Si no lo aceptas, tienes que abandonar la [&hellip;]<\/p>\n","protected":false},"author":1,"featured_media":0,"parent":0,"menu_order":0,"comment_status":"closed","ping_status":"closed","template":"","meta":{"_genesis_hide_title":false,"_genesis_hide_breadcrumbs":false,"_genesis_hide_singular_image":false,"_genesis_hide_footer_widgets":false,"_genesis_custom_body_class":"","_genesis_custom_post_class":"","_genesis_layout":"full-width-content"},"featured_image_src":null,"featured_image_src_square":null,"_links":{"self":[{"href":"https:\/\/projecte7vides.org\/es\/index.php\/wp-json\/wp\/v2\/pages\/199"}],"collection":[{"href":"https:\/\/projecte7vides.org\/es\/index.php\/wp-json\/wp\/v2\/pages"}],"about":[{"href":"https:\/\/projecte7vides.org\/es\/index.php\/wp-json\/wp\/v2\/types\/page"}],"author":[{"embeddable":true,"href":"https:\/\/projecte7vides.org\/es\/index.php\/wp-json\/wp\/v2\/users\/1"}],"replies":[{"embeddable":true,"href":"https:\/\/projecte7vides.org\/es\/index.php\/wp-json\/wp\/v2\/comments?post=199"}],"version-history":[{"count":1,"href":"https:\/\/projecte7vides.org\/es\/index.php\/wp-json\/wp\/v2\/pages\/199\/revisions"}],"predecessor-version":[{"id":200,"href":"https:\/\/projecte7vides.org\/es\/index.php\/wp-json\/wp\/v2\/pages\/199\/revisions\/200"}],"wp:attachment":[{"href":"https:\/\/projecte7vides.org\/es\/index.php\/wp-json\/wp\/v2\/media?parent=199"}],"curies":[{"name":"wp","href":"https:\/\/api.w.org\/{rel}","templated":true}]}}